{"id":249,"date":"2024-02-03T01:54:46","date_gmt":"2024-02-03T00:54:46","guid":{"rendered":"https:\/\/alpacarealperu.com\/?post_type=product&#038;p=249"},"modified":"2024-04-12T15:36:18","modified_gmt":"2024-04-12T13:36:18","slug":"chompa-caballero-color-negro-50-alpaca-45-acrilico-5-lana","status":"publish","type":"product","link":"https:\/\/alpacarealperu.com\/index.php\/product\/chompa-caballero-color-negro-50-alpaca-45-acrilico-5-lana\/","title":{"rendered":"Chompa caballero color negro 50% alpaca, 45% acr\u00edlico 5% lana"},"content":{"rendered":"","protected":false},"excerpt":{"rendered":"<p>Ligero y c\u00e1lido, este hermoso su\u00e9ter negro est\u00e1 tejido con una mezcla de alpaca. Prenda en dise\u00f1o masculino cl\u00e1sico para usar con todo.<\/p>\n","protected":false},"featured_media":29,"comment_status":"open","ping_status":"closed","template":"","meta":[],"product_cat":[18],"product_tag":[],"jetpack_sharing_enabled":true,"_links":{"self":[{"href":"https:\/\/alpacarealperu.com\/index.php\/wp-json\/wp\/v2\/product\/249"}],"collection":[{"href":"https:\/\/alpacarealperu.com\/index.php\/wp-json\/wp\/v2\/product"}],"about":[{"href":"https:\/\/alpacarealperu.com\/index.php\/wp-json\/wp\/v2\/types\/product"}],"replies":[{"embeddable":true,"href":"https:\/\/alpacarealperu.com\/index.php\/wp-json\/wp\/v2\/comments?post=249"}],"wp:featuredmedia":[{"embeddable":true,"href":"https:\/\/alpacarealperu.com\/index.php\/wp-json\/wp\/v2\/media\/29"}],"wp:attachment":[{"href":"https:\/\/alpacarealperu.com\/index.php\/wp-json\/wp\/v2\/media?parent=249"}],"wp:term":[{"taxonomy":"product_cat","embeddable":true,"href":"https:\/\/alpacarealperu.com\/index.php\/wp-json\/wp\/v2\/product_cat?post=249"},{"taxonomy":"product_tag","embeddable":true,"href":"https:\/\/alpacarealperu.com\/index.php\/wp-json\/wp\/v2\/product_tag?post=249"}],"curies":[{"name":"wp","href":"https:\/\/api.w.org\/{rel}","templated":true}]}}