{"id":248,"date":"2024-02-03T01:48:35","date_gmt":"2024-02-03T00:48:35","guid":{"rendered":"https:\/\/alpacarealperu.com\/?post_type=product&#038;p=248"},"modified":"2024-07-09T21:32:16","modified_gmt":"2024-07-09T19:32:16","slug":"chompa-caballero-martillo-gris-100-alpaca","status":"publish","type":"product","link":"https:\/\/alpacarealperu.com\/index.php\/product\/chompa-caballero-martillo-gris-100-alpaca\/","title":{"rendered":"Chompa caballero martillo gris 100% alpaca"},"content":{"rendered":"","protected":false},"excerpt":{"rendered":"<p>Las tonalidades claras y oscuras de gris aportan una elegancia vers\u00e1til al jersey de este hombre, el su\u00e9ter est\u00e1 tejido con aut\u00e9ntica alpaca, una vez reservado para la realeza incaica y ahora utilizado en ocasiones especiales por la gente de los Andes. El delantero y la espalda est\u00e1n tejidos en gris claro para contrastar con las mangas y el cuello m\u00e1s oscuros.<\/p>\n","protected":false},"featured_media":25,"comment_status":"open","ping_status":"closed","template":"","meta":[],"product_cat":[18],"product_tag":[],"jetpack_sharing_enabled":true,"_links":{"self":[{"href":"https:\/\/alpacarealperu.com\/index.php\/wp-json\/wp\/v2\/product\/248"}],"collection":[{"href":"https:\/\/alpacarealperu.com\/index.php\/wp-json\/wp\/v2\/product"}],"about":[{"href":"https:\/\/alpacarealperu.com\/index.php\/wp-json\/wp\/v2\/types\/product"}],"replies":[{"embeddable":true,"href":"https:\/\/alpacarealperu.com\/index.php\/wp-json\/wp\/v2\/comments?post=248"}],"wp:featuredmedia":[{"embeddable":true,"href":"https:\/\/alpacarealperu.com\/index.php\/wp-json\/wp\/v2\/media\/25"}],"wp:attachment":[{"href":"https:\/\/alpacarealperu.com\/index.php\/wp-json\/wp\/v2\/media?parent=248"}],"wp:term":[{"taxonomy":"product_cat","embeddable":true,"href":"https:\/\/alpacarealperu.com\/index.php\/wp-json\/wp\/v2\/product_cat?post=248"},{"taxonomy":"product_tag","embeddable":true,"href":"https:\/\/alpacarealperu.com\/index.php\/wp-json\/wp\/v2\/product_tag?post=248"}],"curies":[{"name":"wp","href":"https:\/\/api.w.org\/{rel}","templated":true}]}}