{"id":121,"date":"2024-01-30T23:45:32","date_gmt":"2024-01-30T22:45:32","guid":{"rendered":"https:\/\/alpacarealperu.com\/?page_id=121"},"modified":"2024-01-31T00:27:48","modified_gmt":"2024-01-30T23:27:48","slug":"quienes-somos","status":"publish","type":"page","link":"https:\/\/alpacarealperu.com\/index.php\/quienes-somos\/","title":{"rendered":"\u00bfQui\u00e9nes somos?"},"content":{"rendered":"\n<figure class=\"wp-block-image size-large\"><img loading=\"lazy\" decoding=\"async\" width=\"1024\" height=\"200\" src=\"https:\/\/alpacarealperu.com\/wp-content\/uploads\/2024\/01\/cropped-LOGO-FALCON-1-1024x200.png\" alt=\"\" class=\"wp-image-16\" srcset=\"https:\/\/alpacarealperu.com\/wp-content\/uploads\/2024\/01\/cropped-LOGO-FALCON-1-1024x200.png 1024w, https:\/\/alpacarealperu.com\/wp-content\/uploads\/2024\/01\/cropped-LOGO-FALCON-1-300x58.png 300w, https:\/\/alpacarealperu.com\/wp-content\/uploads\/2024\/01\/cropped-LOGO-FALCON-1-768x150.png 768w, https:\/\/alpacarealperu.com\/wp-content\/uploads\/2024\/01\/cropped-LOGO-FALCON-1-1536x299.png 1536w, https:\/\/alpacarealperu.com\/wp-content\/uploads\/2024\/01\/cropped-LOGO-FALCON-1-2048x399.png 2048w, https:\/\/alpacarealperu.com\/wp-content\/uploads\/2024\/01\/cropped-LOGO-FALCON-1-308x60.png 308w, https:\/\/alpacarealperu.com\/wp-content\/uploads\/2024\/01\/cropped-LOGO-FALCON-1-600x117.png 600w\" sizes=\"(max-width: 1024px) 100vw, 1024px\" \/><\/figure>\n\n\n\n<h3 class=\"wp-block-heading has-text-align-center\">Alpaca Real Per\u00fa, una historia que contar<\/h3>\n\n\n\n<p>Alpaca Real Per\u00fa, es una empresa creada hace m\u00e1s de 15 a\u00f1os, dedicado a la producci\u00f3n y<br>comercializaci\u00f3n de prendas de vestir en alpaca, alpacril y dral\u00f3n.<br>Su propietario, el Sr. Alfredo Falc\u00f3n Arteaga, contador de profesi\u00f3n, nace en una familia que en su totalidad es dedicada al mundo textil llevando a esta tradici\u00f3n por generaciones. <br>Cuando era un ni\u00f1o aprendi\u00f3 de sus padres las mejores t\u00e9cnicas de tejido y hoy en d\u00eda combina el tejer a mano y en maquina cl\u00e1sica manteniendo el estilo inca y motivos coloniales.<br>Esperando que el mundo pueda recibir productos de alta calidad, con colores modernos y tradicionales.<\/p>\n\n\n\n<h3 class=\"wp-block-heading\">Misi\u00f3n<\/h3>\n\n\n\n<p>Somos una empresa que brinda alternativas en la confecci\u00f3n de prendas de alpaca en el sector textil de forma profesional y personalizada, consolidando las necesidades de nuestros clientes<\/p>\n\n\n\n<figure class=\"wp-block-image size-full is-resized\"><img loading=\"lazy\" decoding=\"async\" width=\"1024\" height=\"573\" src=\"https:\/\/alpacarealperu.com\/wp-content\/uploads\/2024\/01\/cual-es-la-diferencia-entre-una-llama-y-una-alpaca-1024x573-1.jpg\" alt=\"\" class=\"wp-image-122\" style=\"width:749px;height:auto\" srcset=\"https:\/\/alpacarealperu.com\/wp-content\/uploads\/2024\/01\/cual-es-la-diferencia-entre-una-llama-y-una-alpaca-1024x573-1.jpg 1024w, https:\/\/alpacarealperu.com\/wp-content\/uploads\/2024\/01\/cual-es-la-diferencia-entre-una-llama-y-una-alpaca-1024x573-1-300x168.jpg 300w, https:\/\/alpacarealperu.com\/wp-content\/uploads\/2024\/01\/cual-es-la-diferencia-entre-una-llama-y-una-alpaca-1024x573-1-768x430.jpg 768w, https:\/\/alpacarealperu.com\/wp-content\/uploads\/2024\/01\/cual-es-la-diferencia-entre-una-llama-y-una-alpaca-1024x573-1-107x60.jpg 107w, https:\/\/alpacarealperu.com\/wp-content\/uploads\/2024\/01\/cual-es-la-diferencia-entre-una-llama-y-una-alpaca-1024x573-1-600x336.jpg 600w\" sizes=\"(max-width: 1024px) 100vw, 1024px\" \/><\/figure>\n\n\n\n<h3 class=\"wp-block-heading\">Visi\u00f3n<\/h3>\n\n\n\n<p>Ser una empresa l\u00edder e innovadora en la producci\u00f3n de prendas de vestir tejidos a m\u00e1quina industrial con acabados artesanales, conquistar el mercado nacional e internacional.<\/p>\n\n\n\n<figure class=\"wp-block-image size-full is-resized\"><img loading=\"lazy\" decoding=\"async\" width=\"645\" height=\"363\" src=\"https:\/\/alpacarealperu.com\/wp-content\/uploads\/2024\/01\/standard_textil-4.jfif_.png\" alt=\"\" class=\"wp-image-124\" style=\"width:744px;height:auto\" srcset=\"https:\/\/alpacarealperu.com\/wp-content\/uploads\/2024\/01\/standard_textil-4.jfif_.png 645w, https:\/\/alpacarealperu.com\/wp-content\/uploads\/2024\/01\/standard_textil-4.jfif_-300x169.png 300w, https:\/\/alpacarealperu.com\/wp-content\/uploads\/2024\/01\/standard_textil-4.jfif_-107x60.png 107w, https:\/\/alpacarealperu.com\/wp-content\/uploads\/2024\/01\/standard_textil-4.jfif_-600x338.png 600w\" sizes=\"(max-width: 645px) 100vw, 645px\" \/><\/figure>\n","protected":false},"excerpt":{"rendered":"<p>Alpaca Real Per\u00fa, una historia que contar Alpaca Real Per\u00fa, es una empresa creada hace m\u00e1s de 15 a\u00f1os, dedicado a la producci\u00f3n ycomercializaci\u00f3n de &hellip; <\/p>\n","protected":false},"author":1,"featured_media":0,"parent":0,"menu_order":0,"comment_status":"closed","ping_status":"closed","template":"","meta":{"footnotes":""},"jetpack_sharing_enabled":true,"_links":{"self":[{"href":"https:\/\/alpacarealperu.com\/index.php\/wp-json\/wp\/v2\/pages\/121"}],"collection":[{"href":"https:\/\/alpacarealperu.com\/index.php\/wp-json\/wp\/v2\/pages"}],"about":[{"href":"https:\/\/alpacarealperu.com\/index.php\/wp-json\/wp\/v2\/types\/page"}],"author":[{"embeddable":true,"href":"https:\/\/alpacarealperu.com\/index.php\/wp-json\/wp\/v2\/users\/1"}],"replies":[{"embeddable":true,"href":"https:\/\/alpacarealperu.com\/index.php\/wp-json\/wp\/v2\/comments?post=121"}],"version-history":[{"count":2,"href":"https:\/\/alpacarealperu.com\/index.php\/wp-json\/wp\/v2\/pages\/121\/revisions"}],"predecessor-version":[{"id":125,"href":"https:\/\/alpacarealperu.com\/index.php\/wp-json\/wp\/v2\/pages\/121\/revisions\/125"}],"wp:attachment":[{"href":"https:\/\/alpacarealperu.com\/index.php\/wp-json\/wp\/v2\/media?parent=121"}],"curies":[{"name":"wp","href":"https:\/\/api.w.org\/{rel}","templated":true}]}}